{"id":662,"date":"2015-06-24T15:00:50","date_gmt":"2015-06-24T15:00:50","guid":{"rendered":"http:\/\/radeksauer.com\/?page_id=662"},"modified":"2023-05-08T20:19:27","modified_gmt":"2023-05-08T20:19:27","slug":"krajina-v-pohybu","status":"publish","type":"page","link":"https:\/\/radeksauer.com\/?page_id=662&lang=cs","title":{"rendered":"Krajina v pohybu"},"content":{"rendered":"<div id='gallery-1' class='gallery galleryid-662 gallery-columns-4 gallery-size-large'><dl class='gallery-item'>\n\t\t\t<dt class='gallery-icon portrait'>\n\t\t\t\t<a href='https:\/\/radeksauer.com\/?attachment_id=762'><img loading=\"lazy\" decoding=\"async\" width=\"542\" height=\"761\" src=\"https:\/\/radeksauer.com\/wp-content\/uploads\/2015\/06\/Brautfahrt.jpg\" class=\"attachment-large size-large\" alt=\"\" aria-describedby=\"gallery-1-762\" srcset=\"https:\/\/radeksauer.com\/wp-content\/uploads\/2015\/06\/Brautfahrt.jpg 542w, https:\/\/radeksauer.com\/wp-content\/uploads\/2015\/06\/Brautfahrt-214x300.jpg 214w\" sizes=\"auto, (max-width: 542px) 100vw, 542px\" \/><\/a>\n\t\t\t<\/dt>\n\t\t\t\t<dd class='wp-caption-text gallery-caption' id='gallery-1-762'>\n\t\t\t\tNamlouv\u00e1n\u00ed, kva\u0161 na pap\u00ed\u0159e 35&#215;25 cm, 2009\n\t\t\t\t<\/dd><\/dl><dl class='gallery-item'>\n\t\t\t<dt class='gallery-icon landscape'>\n\t\t\t\t<a href='https:\/\/radeksauer.com\/?attachment_id=763'><img loading=\"lazy\" decoding=\"async\" width=\"620\" height=\"468\" src=\"https:\/\/radeksauer.com\/wp-content\/uploads\/2015\/06\/Der-eigen-Weg.jpg\" class=\"attachment-large size-large\" alt=\"\" aria-describedby=\"gallery-1-763\" srcset=\"https:\/\/radeksauer.com\/wp-content\/uploads\/2015\/06\/Der-eigen-Weg.jpg 761w, https:\/\/radeksauer.com\/wp-content\/uploads\/2015\/06\/Der-eigen-Weg-300x227.jpg 300w, https:\/\/radeksauer.com\/wp-content\/uploads\/2015\/06\/Der-eigen-Weg-620x468.jpg 620w\" sizes=\"auto, (max-width: 620px) 100vw, 620px\" \/><\/a>\n\t\t\t<\/dt>\n\t\t\t\t<dd class='wp-caption-text gallery-caption' id='gallery-1-763'>\n\t\t\t\tVlastn\u00ed cestou, akryl na pl\u00e1tn\u011b 240x180cm, 2009\n\t\t\t\t<\/dd><\/dl><dl class='gallery-item'>\n\t\t\t<dt class='gallery-icon landscape'>\n\t\t\t\t<a href='https:\/\/radeksauer.com\/?attachment_id=764'><img loading=\"lazy\" decoding=\"async\" width=\"620\" height=\"433\" src=\"https:\/\/radeksauer.com\/wp-content\/uploads\/2015\/06\/Die-Ufer.jpg\" class=\"attachment-large size-large\" alt=\"\" aria-describedby=\"gallery-1-764\" srcset=\"https:\/\/radeksauer.com\/wp-content\/uploads\/2015\/06\/Die-Ufer.jpg 761w, https:\/\/radeksauer.com\/wp-content\/uploads\/2015\/06\/Die-Ufer-300x210.jpg 300w, https:\/\/radeksauer.com\/wp-content\/uploads\/2015\/06\/Die-Ufer-620x433.jpg 620w\" sizes=\"auto, (max-width: 620px) 100vw, 620px\" \/><\/a>\n\t\t\t<\/dt>\n\t\t\t\t<dd class='wp-caption-text gallery-caption' id='gallery-1-764'>\n\t\t\t\tB\u0159ehy, kva\u0161 na pap\u00ed\u0159e 58x42cm, 2010\n\t\t\t\t<\/dd><\/dl><dl class='gallery-item'>\n\t\t\t<dt class='gallery-icon landscape'>\n\t\t\t\t<a href='https:\/\/radeksauer.com\/?attachment_id=765'><img loading=\"lazy\" decoding=\"async\" width=\"620\" height=\"442\" src=\"https:\/\/radeksauer.com\/wp-content\/uploads\/2015\/06\/Flusslauf-\u2013-die-vergessene-Begebenheit.jpg\" class=\"attachment-large size-large\" alt=\"\" aria-describedby=\"gallery-1-765\" srcset=\"https:\/\/radeksauer.com\/wp-content\/uploads\/2015\/06\/Flusslauf-\u2013-die-vergessene-Begebenheit.jpg 761w, https:\/\/radeksauer.com\/wp-content\/uploads\/2015\/06\/Flusslauf-\u2013-die-vergessene-Begebenheit-300x214.jpg 300w, https:\/\/radeksauer.com\/wp-content\/uploads\/2015\/06\/Flusslauf-\u2013-die-vergessene-Begebenheit-620x442.jpg 620w\" sizes=\"auto, (max-width: 620px) 100vw, 620px\" \/><\/a>\n\t\t\t<\/dt>\n\t\t\t\t<dd class='wp-caption-text gallery-caption' id='gallery-1-765'>\n\t\t\t\tProud-zapomenut\u00e1 ud\u00e1lost, kva\u0161 na pap\u00ed\u0159e 58x42cm, 2010\n\t\t\t\t<\/dd><\/dl><br style=\"clear: both\" \/><dl class='gallery-item'>\n\t\t\t<dt class='gallery-icon landscape'>\n\t\t\t\t<a href='https:\/\/radeksauer.com\/?attachment_id=766'><img loading=\"lazy\" decoding=\"async\" width=\"620\" height=\"616\" src=\"https:\/\/radeksauer.com\/wp-content\/uploads\/2015\/06\/Flusslauf.jpg\" class=\"attachment-large size-large\" alt=\"\" aria-describedby=\"gallery-1-766\" srcset=\"https:\/\/radeksauer.com\/wp-content\/uploads\/2015\/06\/Flusslauf.jpg 761w, https:\/\/radeksauer.com\/wp-content\/uploads\/2015\/06\/Flusslauf-150x150.jpg 150w, https:\/\/radeksauer.com\/wp-content\/uploads\/2015\/06\/Flusslauf-300x298.jpg 300w, https:\/\/radeksauer.com\/wp-content\/uploads\/2015\/06\/Flusslauf-620x616.jpg 620w\" sizes=\"auto, (max-width: 620px) 100vw, 620px\" \/><\/a>\n\t\t\t<\/dt>\n\t\t\t\t<dd class='wp-caption-text gallery-caption' id='gallery-1-766'>\n\t\t\t\tProud, akryl na pl\u00e1tn\u011b 100x100cm, 2008\n\t\t\t\t<\/dd><\/dl><dl class='gallery-item'>\n\t\t\t<dt class='gallery-icon portrait'>\n\t\t\t\t<a href='https:\/\/radeksauer.com\/?attachment_id=767'><img loading=\"lazy\" decoding=\"async\" width=\"620\" height=\"627\" src=\"https:\/\/radeksauer.com\/wp-content\/uploads\/2015\/06\/Ged\u00e4chtnis-des-Ortes.jpg\" class=\"attachment-large size-large\" alt=\"\" aria-describedby=\"gallery-1-767\" srcset=\"https:\/\/radeksauer.com\/wp-content\/uploads\/2015\/06\/Ged\u00e4chtnis-des-Ortes.jpg 752w, https:\/\/radeksauer.com\/wp-content\/uploads\/2015\/06\/Ged\u00e4chtnis-des-Ortes-296x300.jpg 296w, https:\/\/radeksauer.com\/wp-content\/uploads\/2015\/06\/Ged\u00e4chtnis-des-Ortes-620x627.jpg 620w\" sizes=\"auto, (max-width: 620px) 100vw, 620px\" \/><\/a>\n\t\t\t<\/dt>\n\t\t\t\t<dd class='wp-caption-text gallery-caption' id='gallery-1-767'>\n\t\t\t\tPam\u011bt m\u00edsta, olej na pl\u00e1tn\u011b 180x180cm, 2010\n\t\t\t\t<\/dd><\/dl><dl class='gallery-item'>\n\t\t\t<dt class='gallery-icon landscape'>\n\t\t\t\t<a href='https:\/\/radeksauer.com\/?attachment_id=768'><img loading=\"lazy\" decoding=\"async\" width=\"620\" height=\"618\" src=\"https:\/\/radeksauer.com\/wp-content\/uploads\/2015\/06\/Landschaft-in-Bewegung.jpg\" class=\"attachment-large size-large\" alt=\"\" aria-describedby=\"gallery-1-768\" srcset=\"https:\/\/radeksauer.com\/wp-content\/uploads\/2015\/06\/Landschaft-in-Bewegung.jpg 761w, https:\/\/radeksauer.com\/wp-content\/uploads\/2015\/06\/Landschaft-in-Bewegung-150x150.jpg 150w, https:\/\/radeksauer.com\/wp-content\/uploads\/2015\/06\/Landschaft-in-Bewegung-300x300.jpg 300w, https:\/\/radeksauer.com\/wp-content\/uploads\/2015\/06\/Landschaft-in-Bewegung-620x618.jpg 620w\" sizes=\"auto, (max-width: 620px) 100vw, 620px\" \/><\/a>\n\t\t\t<\/dt>\n\t\t\t\t<dd class='wp-caption-text gallery-caption' id='gallery-1-768'>\n\t\t\t\tKrajina v pohybu, komb.technika na pap\u00ed\u0159e 58x58cm, 2010\n\t\t\t\t<\/dd><\/dl><dl class='gallery-item'>\n\t\t\t<dt class='gallery-icon portrait'>\n\t\t\t\t<a href='https:\/\/radeksauer.com\/?attachment_id=769'><img loading=\"lazy\" decoding=\"async\" width=\"620\" height=\"624\" src=\"https:\/\/radeksauer.com\/wp-content\/uploads\/2015\/06\/Optiken-der-Landschaft.jpg\" class=\"attachment-large size-large\" alt=\"\" aria-describedby=\"gallery-1-769\" srcset=\"https:\/\/radeksauer.com\/wp-content\/uploads\/2015\/06\/Optiken-der-Landschaft.jpg 756w, https:\/\/radeksauer.com\/wp-content\/uploads\/2015\/06\/Optiken-der-Landschaft-150x150.jpg 150w, https:\/\/radeksauer.com\/wp-content\/uploads\/2015\/06\/Optiken-der-Landschaft-298x300.jpg 298w, https:\/\/radeksauer.com\/wp-content\/uploads\/2015\/06\/Optiken-der-Landschaft-620x624.jpg 620w\" sizes=\"auto, (max-width: 620px) 100vw, 620px\" \/><\/a>\n\t\t\t<\/dt>\n\t\t\t\t<dd class='wp-caption-text gallery-caption' id='gallery-1-769'>\n\t\t\t\tOptikou krajiny, olej na pl\u00e1tn\u011b 180x180cm, 2010\n\t\t\t\t<\/dd><\/dl><br style=\"clear: both\" \/>\n\t\t<\/div>\n\n","protected":false},"excerpt":{"rendered":"","protected":false},"author":1,"featured_media":0,"parent":0,"menu_order":1,"comment_status":"open","ping_status":"open","template":"template-full-width.php","meta":{"footnotes":""},"class_list":["post-662","page","type-page","status-publish","hentry"],"_links":{"self":[{"href":"https:\/\/radeksauer.com\/index.php?rest_route=\/wp\/v2\/pages\/662","targetHints":{"allow":["GET"]}}],"collection":[{"href":"https:\/\/radeksauer.com\/index.php?rest_route=\/wp\/v2\/pages"}],"about":[{"href":"https:\/\/radeksauer.com\/index.php?rest_route=\/wp\/v2\/types\/page"}],"author":[{"embeddable":true,"href":"https:\/\/radeksauer.com\/index.php?rest_route=\/wp\/v2\/users\/1"}],"replies":[{"embeddable":true,"href":"https:\/\/radeksauer.com\/index.php?rest_route=%2Fwp%2Fv2%2Fcomments&post=662"}],"version-history":[{"count":3,"href":"https:\/\/radeksauer.com\/index.php?rest_route=\/wp\/v2\/pages\/662\/revisions"}],"predecessor-version":[{"id":2392,"href":"https:\/\/radeksauer.com\/index.php?rest_route=\/wp\/v2\/pages\/662\/revisions\/2392"}],"wp:attachment":[{"href":"https:\/\/radeksauer.com\/index.php?rest_route=%2Fwp%2Fv2%2Fmedia&parent=662"}],"curies":[{"name":"wp","href":"https:\/\/api.w.org\/{rel}","templated":true}]}}