{"id":2181,"date":"2023-05-03T15:00:58","date_gmt":"2023-05-03T15:00:58","guid":{"rendered":"http:\/\/radeksauer.com\/?page_id=2181"},"modified":"2023-05-03T16:05:52","modified_gmt":"2023-05-03T16:05:52","slug":"odkladani","status":"publish","type":"page","link":"https:\/\/radeksauer.com\/?page_id=2181&lang=cs","title":{"rendered":"odkl\u00e1d\u00e1n\u00ed"},"content":{"rendered":"\n<figure class=\"wp-block-gallery has-nested-images columns-default wp-block-gallery-1 is-layout-flex wp-block-gallery-is-layout-flex\">\n<figure class=\"wp-block-image size-large is-style-default\"><a href=\"http:\/\/radeksauer.com\/wp-content\/uploads\/2023\/05\/GRAMO-08.jpg\"><img loading=\"lazy\" decoding=\"async\" width=\"1024\" height=\"1024\" data-id=\"2176\" src=\"http:\/\/radeksauer.com\/wp-content\/uploads\/2023\/05\/GRAMO-08-1024x1024.jpg\" alt=\"\" class=\"wp-image-2176\" srcset=\"https:\/\/radeksauer.com\/wp-content\/uploads\/2023\/05\/GRAMO-08-1024x1024.jpg 1024w, https:\/\/radeksauer.com\/wp-content\/uploads\/2023\/05\/GRAMO-08-300x300.jpg 300w, https:\/\/radeksauer.com\/wp-content\/uploads\/2023\/05\/GRAMO-08-150x150.jpg 150w, https:\/\/radeksauer.com\/wp-content\/uploads\/2023\/05\/GRAMO-08-768x769.jpg 768w, https:\/\/radeksauer.com\/wp-content\/uploads\/2023\/05\/GRAMO-08-620x621.jpg 620w, https:\/\/radeksauer.com\/wp-content\/uploads\/2023\/05\/GRAMO-08.jpg 1534w\" sizes=\"auto, (max-width: 1024px) 100vw, 1024px\" \/><\/a><\/figure>\n\n\n\n<figure class=\"wp-block-image size-large\"><a href=\"http:\/\/radeksauer.com\/wp-content\/uploads\/2023\/05\/GRAMO-07.jpg\"><img loading=\"lazy\" decoding=\"async\" width=\"1024\" height=\"1024\" data-id=\"2175\" src=\"http:\/\/radeksauer.com\/wp-content\/uploads\/2023\/05\/GRAMO-07-1024x1024.jpg\" alt=\"\" class=\"wp-image-2175\" srcset=\"https:\/\/radeksauer.com\/wp-content\/uploads\/2023\/05\/GRAMO-07-1024x1024.jpg 1024w, https:\/\/radeksauer.com\/wp-content\/uploads\/2023\/05\/GRAMO-07-300x300.jpg 300w, https:\/\/radeksauer.com\/wp-content\/uploads\/2023\/05\/GRAMO-07-150x150.jpg 150w, https:\/\/radeksauer.com\/wp-content\/uploads\/2023\/05\/GRAMO-07-768x769.jpg 768w, https:\/\/radeksauer.com\/wp-content\/uploads\/2023\/05\/GRAMO-07-620x621.jpg 620w, https:\/\/radeksauer.com\/wp-content\/uploads\/2023\/05\/GRAMO-07.jpg 1534w\" sizes=\"auto, (max-width: 1024px) 100vw, 1024px\" \/><\/a><\/figure>\n\n\n\n<figure class=\"wp-block-image size-large\"><a href=\"http:\/\/radeksauer.com\/wp-content\/uploads\/2023\/05\/CIRCLE-01.jpg\"><img loading=\"lazy\" decoding=\"async\" width=\"992\" height=\"992\" data-id=\"2173\" src=\"http:\/\/radeksauer.com\/wp-content\/uploads\/2023\/05\/CIRCLE-01.jpg\" alt=\"\" class=\"wp-image-2173\" srcset=\"https:\/\/radeksauer.com\/wp-content\/uploads\/2023\/05\/CIRCLE-01.jpg 992w, https:\/\/radeksauer.com\/wp-content\/uploads\/2023\/05\/CIRCLE-01-300x300.jpg 300w, https:\/\/radeksauer.com\/wp-content\/uploads\/2023\/05\/CIRCLE-01-150x150.jpg 150w, https:\/\/radeksauer.com\/wp-content\/uploads\/2023\/05\/CIRCLE-01-768x768.jpg 768w, https:\/\/radeksauer.com\/wp-content\/uploads\/2023\/05\/CIRCLE-01-620x620.jpg 620w\" sizes=\"auto, (max-width: 992px) 100vw, 992px\" \/><\/a><\/figure>\n\n\n\n<figure class=\"wp-block-image size-large\"><a href=\"http:\/\/radeksauer.com\/wp-content\/uploads\/2023\/05\/CDCIRCLE-04.jpg\"><img loading=\"lazy\" decoding=\"async\" width=\"1024\" height=\"724\" data-id=\"2172\" src=\"http:\/\/radeksauer.com\/wp-content\/uploads\/2023\/05\/CDCIRCLE-04-1024x724.jpg\" alt=\"\" class=\"wp-image-2172\" srcset=\"https:\/\/radeksauer.com\/wp-content\/uploads\/2023\/05\/CDCIRCLE-04-1024x724.jpg 1024w, https:\/\/radeksauer.com\/wp-content\/uploads\/2023\/05\/CDCIRCLE-04-300x212.jpg 300w, https:\/\/radeksauer.com\/wp-content\/uploads\/2023\/05\/CDCIRCLE-04-768x543.jpg 768w, https:\/\/radeksauer.com\/wp-content\/uploads\/2023\/05\/CDCIRCLE-04-1536x1086.jpg 1536w, https:\/\/radeksauer.com\/wp-content\/uploads\/2023\/05\/CDCIRCLE-04-620x438.jpg 620w, https:\/\/radeksauer.com\/wp-content\/uploads\/2023\/05\/CDCIRCLE-04.jpg 1754w\" sizes=\"auto, (max-width: 1024px) 100vw, 1024px\" \/><\/a><\/figure>\n\n\n\n<figure class=\"wp-block-image size-large\"><a href=\"http:\/\/radeksauer.com\/wp-content\/uploads\/2023\/05\/OKNO.jpg\"><img loading=\"lazy\" decoding=\"async\" width=\"1024\" height=\"1024\" data-id=\"2177\" src=\"http:\/\/radeksauer.com\/wp-content\/uploads\/2023\/05\/OKNO-1024x1024.jpg\" alt=\"\" class=\"wp-image-2177\" srcset=\"https:\/\/radeksauer.com\/wp-content\/uploads\/2023\/05\/OKNO-1024x1024.jpg 1024w, https:\/\/radeksauer.com\/wp-content\/uploads\/2023\/05\/OKNO-300x300.jpg 300w, https:\/\/radeksauer.com\/wp-content\/uploads\/2023\/05\/OKNO-150x150.jpg 150w, https:\/\/radeksauer.com\/wp-content\/uploads\/2023\/05\/OKNO-768x768.jpg 768w, https:\/\/radeksauer.com\/wp-content\/uploads\/2023\/05\/OKNO-1536x1536.jpg 1536w, https:\/\/radeksauer.com\/wp-content\/uploads\/2023\/05\/OKNO-2048x2048.jpg 2048w, https:\/\/radeksauer.com\/wp-content\/uploads\/2023\/05\/OKNO-620x620.jpg 620w\" sizes=\"auto, (max-width: 1024px) 100vw, 1024px\" \/><\/a><\/figure>\n\n\n\n<figure class=\"wp-block-image size-large\"><a href=\"http:\/\/radeksauer.com\/wp-content\/uploads\/2023\/05\/BILD-ABENDMAHL.jpg\"><img loading=\"lazy\" decoding=\"async\" width=\"1024\" height=\"705\" data-id=\"2171\" src=\"http:\/\/radeksauer.com\/wp-content\/uploads\/2023\/05\/BILD-ABENDMAHL-1024x705.jpg\" alt=\"\" class=\"wp-image-2171\" srcset=\"https:\/\/radeksauer.com\/wp-content\/uploads\/2023\/05\/BILD-ABENDMAHL-1024x705.jpg 1024w, https:\/\/radeksauer.com\/wp-content\/uploads\/2023\/05\/BILD-ABENDMAHL-300x207.jpg 300w, https:\/\/radeksauer.com\/wp-content\/uploads\/2023\/05\/BILD-ABENDMAHL-768x529.jpg 768w, https:\/\/radeksauer.com\/wp-content\/uploads\/2023\/05\/BILD-ABENDMAHL-1536x1057.jpg 1536w, https:\/\/radeksauer.com\/wp-content\/uploads\/2023\/05\/BILD-ABENDMAHL-620x427.jpg 620w, https:\/\/radeksauer.com\/wp-content\/uploads\/2023\/05\/BILD-ABENDMAHL.jpg 2038w\" sizes=\"auto, (max-width: 1024px) 100vw, 1024px\" \/><\/a><\/figure>\n\n\n\n<figure class=\"wp-block-image size-large\"><a href=\"http:\/\/radeksauer.com\/wp-content\/uploads\/2023\/05\/FOLDER-BOX19-20-scaled.jpg\"><img loading=\"lazy\" decoding=\"async\" width=\"1024\" height=\"724\" data-id=\"2174\" src=\"http:\/\/radeksauer.com\/wp-content\/uploads\/2023\/05\/FOLDER-BOX19-20-1024x724.jpg\" alt=\"\" class=\"wp-image-2174\" srcset=\"https:\/\/radeksauer.com\/wp-content\/uploads\/2023\/05\/FOLDER-BOX19-20-1024x724.jpg 1024w, https:\/\/radeksauer.com\/wp-content\/uploads\/2023\/05\/FOLDER-BOX19-20-300x212.jpg 300w, https:\/\/radeksauer.com\/wp-content\/uploads\/2023\/05\/FOLDER-BOX19-20-768x543.jpg 768w, https:\/\/radeksauer.com\/wp-content\/uploads\/2023\/05\/FOLDER-BOX19-20-1536x1086.jpg 1536w, https:\/\/radeksauer.com\/wp-content\/uploads\/2023\/05\/FOLDER-BOX19-20-2048x1448.jpg 2048w, https:\/\/radeksauer.com\/wp-content\/uploads\/2023\/05\/FOLDER-BOX19-20-620x438.jpg 620w\" sizes=\"auto, (max-width: 1024px) 100vw, 1024px\" \/><\/a><\/figure>\n\n\n\n<figure class=\"wp-block-image size-large\"><a href=\"http:\/\/radeksauer.com\/wp-content\/uploads\/2023\/05\/FOLDER-BOX07.jpg\"><img loading=\"lazy\" decoding=\"async\" width=\"1024\" height=\"724\" data-id=\"2179\" src=\"http:\/\/radeksauer.com\/wp-content\/uploads\/2023\/05\/FOLDER-BOX07-1024x724.jpg\" alt=\"\" class=\"wp-image-2179\" srcset=\"https:\/\/radeksauer.com\/wp-content\/uploads\/2023\/05\/FOLDER-BOX07-1024x724.jpg 1024w, https:\/\/radeksauer.com\/wp-content\/uploads\/2023\/05\/FOLDER-BOX07-300x212.jpg 300w, https:\/\/radeksauer.com\/wp-content\/uploads\/2023\/05\/FOLDER-BOX07-768x543.jpg 768w, https:\/\/radeksauer.com\/wp-content\/uploads\/2023\/05\/FOLDER-BOX07-1536x1086.jpg 1536w, https:\/\/radeksauer.com\/wp-content\/uploads\/2023\/05\/FOLDER-BOX07-2048x1448.jpg 2048w, https:\/\/radeksauer.com\/wp-content\/uploads\/2023\/05\/FOLDER-BOX07-620x439.jpg 620w\" sizes=\"auto, (max-width: 1024px) 100vw, 1024px\" \/><\/a><\/figure>\n\n\n\n<figure class=\"wp-block-image size-large\"><a href=\"http:\/\/radeksauer.com\/wp-content\/uploads\/2023\/05\/FOLDER-BOX14-scaled.jpg\"><img loading=\"lazy\" decoding=\"async\" width=\"1024\" height=\"724\" data-id=\"2180\" src=\"http:\/\/radeksauer.com\/wp-content\/uploads\/2023\/05\/FOLDER-BOX14-1024x724.jpg\" alt=\"\" class=\"wp-image-2180\" srcset=\"https:\/\/radeksauer.com\/wp-content\/uploads\/2023\/05\/FOLDER-BOX14-1024x724.jpg 1024w, https:\/\/radeksauer.com\/wp-content\/uploads\/2023\/05\/FOLDER-BOX14-300x212.jpg 300w, https:\/\/radeksauer.com\/wp-content\/uploads\/2023\/05\/FOLDER-BOX14-768x543.jpg 768w, https:\/\/radeksauer.com\/wp-content\/uploads\/2023\/05\/FOLDER-BOX14-1536x1086.jpg 1536w, https:\/\/radeksauer.com\/wp-content\/uploads\/2023\/05\/FOLDER-BOX14-2048x1448.jpg 2048w, https:\/\/radeksauer.com\/wp-content\/uploads\/2023\/05\/FOLDER-BOX14-620x438.jpg 620w\" sizes=\"auto, (max-width: 1024px) 100vw, 1024px\" \/><\/a><\/figure>\n<\/figure>\n","protected":false},"excerpt":{"rendered":"","protected":false},"author":1,"featured_media":0,"parent":0,"menu_order":0,"comment_status":"closed","ping_status":"closed","template":"","meta":{"footnotes":""},"class_list":["post-2181","page","type-page","status-publish","hentry"],"_links":{"self":[{"href":"https:\/\/radeksauer.com\/index.php?rest_route=\/wp\/v2\/pages\/2181","targetHints":{"allow":["GET"]}}],"collection":[{"href":"https:\/\/radeksauer.com\/index.php?rest_route=\/wp\/v2\/pages"}],"about":[{"href":"https:\/\/radeksauer.com\/index.php?rest_route=\/wp\/v2\/types\/page"}],"author":[{"embeddable":true,"href":"https:\/\/radeksauer.com\/index.php?rest_route=\/wp\/v2\/users\/1"}],"replies":[{"embeddable":true,"href":"https:\/\/radeksauer.com\/index.php?rest_route=%2Fwp%2Fv2%2Fcomments&post=2181"}],"version-history":[{"count":3,"href":"https:\/\/radeksauer.com\/index.php?rest_route=\/wp\/v2\/pages\/2181\/revisions"}],"predecessor-version":[{"id":2208,"href":"https:\/\/radeksauer.com\/index.php?rest_route=\/wp\/v2\/pages\/2181\/revisions\/2208"}],"wp:attachment":[{"href":"https:\/\/radeksauer.com\/index.php?rest_route=%2Fwp%2Fv2%2Fmedia&parent=2181"}],"curies":[{"name":"wp","href":"https:\/\/api.w.org\/{rel}","templated":true}]}}