{"id":1962,"date":"2021-02-27T22:51:22","date_gmt":"2021-02-27T22:51:22","guid":{"rendered":"http:\/\/radeksauer.com\/?page_id=1962"},"modified":"2021-02-27T22:54:16","modified_gmt":"2021-02-27T22:54:16","slug":"lide-zvirata","status":"publish","type":"page","link":"https:\/\/radeksauer.com\/?page_id=1962&lang=cs","title":{"rendered":"Lid\u00e9-zv\u00ed\u0159ata"},"content":{"rendered":"\n<figure class=\"wp-block-gallery columns-3 is-cropped wp-block-gallery-1 is-layout-flex wp-block-gallery-is-layout-flex\"><ul class=\"blocks-gallery-grid\"><li class=\"blocks-gallery-item\"><figure><a href=\"http:\/\/radeksauer.com\/?attachment_id=1963\"><img loading=\"lazy\" decoding=\"async\" width=\"732\" height=\"1024\" src=\"http:\/\/radeksauer.com\/wp-content\/uploads\/2021\/02\/BILD_01-5-732x1024.jpg\" alt=\"\" data-id=\"1963\" data-full-url=\"http:\/\/radeksauer.com\/wp-content\/uploads\/2021\/02\/BILD_01-5.jpg\" data-link=\"http:\/\/radeksauer.com\/?attachment_id=1963\" class=\"wp-image-1963\" srcset=\"https:\/\/radeksauer.com\/wp-content\/uploads\/2021\/02\/BILD_01-5-732x1024.jpg 732w, https:\/\/radeksauer.com\/wp-content\/uploads\/2021\/02\/BILD_01-5-214x300.jpg 214w, https:\/\/radeksauer.com\/wp-content\/uploads\/2021\/02\/BILD_01-5-768x1075.jpg 768w, https:\/\/radeksauer.com\/wp-content\/uploads\/2021\/02\/BILD_01-5-620x868.jpg 620w, https:\/\/radeksauer.com\/wp-content\/uploads\/2021\/02\/BILD_01-5.jpg 1063w\" sizes=\"auto, (max-width: 732px) 100vw, 732px\" \/><\/a><\/figure><\/li><li class=\"blocks-gallery-item\"><figure><a href=\"http:\/\/radeksauer.com\/?attachment_id=1964\"><img loading=\"lazy\" decoding=\"async\" width=\"732\" height=\"1024\" src=\"http:\/\/radeksauer.com\/wp-content\/uploads\/2021\/02\/BILD_02-5-732x1024.jpg\" alt=\"\" data-id=\"1964\" data-full-url=\"http:\/\/radeksauer.com\/wp-content\/uploads\/2021\/02\/BILD_02-5.jpg\" data-link=\"http:\/\/radeksauer.com\/?attachment_id=1964\" class=\"wp-image-1964\" srcset=\"https:\/\/radeksauer.com\/wp-content\/uploads\/2021\/02\/BILD_02-5-732x1024.jpg 732w, https:\/\/radeksauer.com\/wp-content\/uploads\/2021\/02\/BILD_02-5-214x300.jpg 214w, https:\/\/radeksauer.com\/wp-content\/uploads\/2021\/02\/BILD_02-5-768x1075.jpg 768w, https:\/\/radeksauer.com\/wp-content\/uploads\/2021\/02\/BILD_02-5-620x868.jpg 620w, https:\/\/radeksauer.com\/wp-content\/uploads\/2021\/02\/BILD_02-5.jpg 1063w\" sizes=\"auto, (max-width: 732px) 100vw, 732px\" \/><\/a><\/figure><\/li><li class=\"blocks-gallery-item\"><figure><a href=\"http:\/\/radeksauer.com\/?attachment_id=1965\"><img loading=\"lazy\" decoding=\"async\" width=\"732\" height=\"1024\" src=\"http:\/\/radeksauer.com\/wp-content\/uploads\/2021\/02\/BILD_03-5-732x1024.jpg\" alt=\"\" data-id=\"1965\" data-full-url=\"http:\/\/radeksauer.com\/wp-content\/uploads\/2021\/02\/BILD_03-5.jpg\" data-link=\"http:\/\/radeksauer.com\/?attachment_id=1965\" class=\"wp-image-1965\" srcset=\"https:\/\/radeksauer.com\/wp-content\/uploads\/2021\/02\/BILD_03-5-732x1024.jpg 732w, https:\/\/radeksauer.com\/wp-content\/uploads\/2021\/02\/BILD_03-5-214x300.jpg 214w, https:\/\/radeksauer.com\/wp-content\/uploads\/2021\/02\/BILD_03-5-768x1075.jpg 768w, https:\/\/radeksauer.com\/wp-content\/uploads\/2021\/02\/BILD_03-5-620x868.jpg 620w, https:\/\/radeksauer.com\/wp-content\/uploads\/2021\/02\/BILD_03-5.jpg 1063w\" sizes=\"auto, (max-width: 732px) 100vw, 732px\" \/><\/a><\/figure><\/li><\/ul><\/figure>\n","protected":false},"excerpt":{"rendered":"","protected":false},"author":1,"featured_media":0,"parent":0,"menu_order":0,"comment_status":"closed","ping_status":"closed","template":"","meta":{"footnotes":""},"class_list":["post-1962","page","type-page","status-publish","hentry"],"_links":{"self":[{"href":"https:\/\/radeksauer.com\/index.php?rest_route=\/wp\/v2\/pages\/1962","targetHints":{"allow":["GET"]}}],"collection":[{"href":"https:\/\/radeksauer.com\/index.php?rest_route=\/wp\/v2\/pages"}],"about":[{"href":"https:\/\/radeksauer.com\/index.php?rest_route=\/wp\/v2\/types\/page"}],"author":[{"embeddable":true,"href":"https:\/\/radeksauer.com\/index.php?rest_route=\/wp\/v2\/users\/1"}],"replies":[{"embeddable":true,"href":"https:\/\/radeksauer.com\/index.php?rest_route=%2Fwp%2Fv2%2Fcomments&post=1962"}],"version-history":[{"count":1,"href":"https:\/\/radeksauer.com\/index.php?rest_route=\/wp\/v2\/pages\/1962\/revisions"}],"predecessor-version":[{"id":1967,"href":"https:\/\/radeksauer.com\/index.php?rest_route=\/wp\/v2\/pages\/1962\/revisions\/1967"}],"wp:attachment":[{"href":"https:\/\/radeksauer.com\/index.php?rest_route=%2Fwp%2Fv2%2Fmedia&parent=1962"}],"curies":[{"name":"wp","href":"https:\/\/api.w.org\/{rel}","templated":true}]}}