{"id":1632,"date":"2018-09-18T20:49:57","date_gmt":"2018-09-18T20:49:57","guid":{"rendered":"http:\/\/radeksauer.com\/?page_id=1632"},"modified":"2019-01-15T22:06:44","modified_gmt":"2019-01-15T22:06:44","slug":"stod-odkladace","status":"publish","type":"page","link":"https:\/\/radeksauer.com\/?page_id=1632&lang=cs","title":{"rendered":"STOD &#8211; odklada\u010de"},"content":{"rendered":"<div id='gallery-1' class='gallery galleryid-1632 gallery-columns-4 gallery-size-medium'><dl class='gallery-item'>\n\t\t\t<dt class='gallery-icon portrait'>\n\t\t\t\t<a href='https:\/\/radeksauer.com\/?attachment_id=1816'><img loading=\"lazy\" decoding=\"async\" width=\"212\" height=\"300\" src=\"https:\/\/radeksauer.com\/wp-content\/uploads\/2019\/01\/BOXY-01-212x300.jpg\" class=\"attachment-medium size-medium\" alt=\"\" srcset=\"https:\/\/radeksauer.com\/wp-content\/uploads\/2019\/01\/BOXY-01-212x300.jpg 212w, https:\/\/radeksauer.com\/wp-content\/uploads\/2019\/01\/BOXY-01-768x1086.jpg 768w, https:\/\/radeksauer.com\/wp-content\/uploads\/2019\/01\/BOXY-01-724x1024.jpg 724w, https:\/\/radeksauer.com\/wp-content\/uploads\/2019\/01\/BOXY-01-620x877.jpg 620w\" sizes=\"auto, (max-width: 212px) 100vw, 212px\" \/><\/a>\n\t\t\t<\/dt><\/dl><dl class='gallery-item'>\n\t\t\t<dt class='gallery-icon landscape'>\n\t\t\t\t<a href='https:\/\/radeksauer.com\/?attachment_id=1817'><img loading=\"lazy\" decoding=\"async\" width=\"300\" height=\"212\" src=\"https:\/\/radeksauer.com\/wp-content\/uploads\/2019\/01\/BOXY-02-300x212.jpg\" class=\"attachment-medium size-medium\" alt=\"\" srcset=\"https:\/\/radeksauer.com\/wp-content\/uploads\/2019\/01\/BOXY-02-300x212.jpg 300w, https:\/\/radeksauer.com\/wp-content\/uploads\/2019\/01\/BOXY-02-768x543.jpg 768w, https:\/\/radeksauer.com\/wp-content\/uploads\/2019\/01\/BOXY-02-1024x724.jpg 1024w, https:\/\/radeksauer.com\/wp-content\/uploads\/2019\/01\/BOXY-02-620x438.jpg 620w\" sizes=\"auto, (max-width: 300px) 100vw, 300px\" \/><\/a>\n\t\t\t<\/dt><\/dl><dl class='gallery-item'>\n\t\t\t<dt class='gallery-icon portrait'>\n\t\t\t\t<a href='https:\/\/radeksauer.com\/?attachment_id=1818'><img loading=\"lazy\" decoding=\"async\" width=\"212\" height=\"300\" src=\"https:\/\/radeksauer.com\/wp-content\/uploads\/2019\/01\/PO\u0158ADA\u010c-01-212x300.jpg\" class=\"attachment-medium size-medium\" alt=\"\" srcset=\"https:\/\/radeksauer.com\/wp-content\/uploads\/2019\/01\/PO\u0158ADA\u010c-01-212x300.jpg 212w, https:\/\/radeksauer.com\/wp-content\/uploads\/2019\/01\/PO\u0158ADA\u010c-01-768x1086.jpg 768w, https:\/\/radeksauer.com\/wp-content\/uploads\/2019\/01\/PO\u0158ADA\u010c-01-724x1024.jpg 724w, https:\/\/radeksauer.com\/wp-content\/uploads\/2019\/01\/PO\u0158ADA\u010c-01-620x877.jpg 620w\" sizes=\"auto, (max-width: 212px) 100vw, 212px\" \/><\/a>\n\t\t\t<\/dt><\/dl><dl class='gallery-item'>\n\t\t\t<dt class='gallery-icon portrait'>\n\t\t\t\t<a href='https:\/\/radeksauer.com\/?attachment_id=1819'><img loading=\"lazy\" decoding=\"async\" width=\"212\" height=\"300\" src=\"https:\/\/radeksauer.com\/wp-content\/uploads\/2019\/01\/PO\u0158ADA\u010c-02-212x300.jpg\" class=\"attachment-medium size-medium\" alt=\"\" srcset=\"https:\/\/radeksauer.com\/wp-content\/uploads\/2019\/01\/PO\u0158ADA\u010c-02-212x300.jpg 212w, https:\/\/radeksauer.com\/wp-content\/uploads\/2019\/01\/PO\u0158ADA\u010c-02-768x1086.jpg 768w, https:\/\/radeksauer.com\/wp-content\/uploads\/2019\/01\/PO\u0158ADA\u010c-02-724x1024.jpg 724w, https:\/\/radeksauer.com\/wp-content\/uploads\/2019\/01\/PO\u0158ADA\u010c-02-620x877.jpg 620w\" sizes=\"auto, (max-width: 212px) 100vw, 212px\" \/><\/a>\n\t\t\t<\/dt><\/dl><br style=\"clear: both\" \/><dl class='gallery-item'>\n\t\t\t<dt class='gallery-icon landscape'>\n\t\t\t\t<a href='https:\/\/radeksauer.com\/?attachment_id=1820'><img loading=\"lazy\" decoding=\"async\" width=\"300\" height=\"300\" src=\"https:\/\/radeksauer.com\/wp-content\/uploads\/2019\/01\/PO\u0158ADA\u010c-03-300x300.jpg\" class=\"attachment-medium size-medium\" alt=\"\" srcset=\"https:\/\/radeksauer.com\/wp-content\/uploads\/2019\/01\/PO\u0158ADA\u010c-03-300x300.jpg 300w, https:\/\/radeksauer.com\/wp-content\/uploads\/2019\/01\/PO\u0158ADA\u010c-03-150x150.jpg 150w, https:\/\/radeksauer.com\/wp-content\/uploads\/2019\/01\/PO\u0158ADA\u010c-03-768x768.jpg 768w, https:\/\/radeksauer.com\/wp-content\/uploads\/2019\/01\/PO\u0158ADA\u010c-03-1024x1024.jpg 1024w, https:\/\/radeksauer.com\/wp-content\/uploads\/2019\/01\/PO\u0158ADA\u010c-03-620x620.jpg 620w\" sizes=\"auto, (max-width: 300px) 100vw, 300px\" \/><\/a>\n\t\t\t<\/dt><\/dl><dl class='gallery-item'>\n\t\t\t<dt class='gallery-icon portrait'>\n\t\t\t\t<a href='https:\/\/radeksauer.com\/?attachment_id=1821'><img loading=\"lazy\" decoding=\"async\" width=\"212\" height=\"300\" src=\"https:\/\/radeksauer.com\/wp-content\/uploads\/2019\/01\/PO\u0158ADA\u010c-COLUMN-212x300.jpg\" class=\"attachment-medium size-medium\" alt=\"\" srcset=\"https:\/\/radeksauer.com\/wp-content\/uploads\/2019\/01\/PO\u0158ADA\u010c-COLUMN-212x300.jpg 212w, https:\/\/radeksauer.com\/wp-content\/uploads\/2019\/01\/PO\u0158ADA\u010c-COLUMN-768x1086.jpg 768w, https:\/\/radeksauer.com\/wp-content\/uploads\/2019\/01\/PO\u0158ADA\u010c-COLUMN-724x1024.jpg 724w, https:\/\/radeksauer.com\/wp-content\/uploads\/2019\/01\/PO\u0158ADA\u010c-COLUMN-620x877.jpg 620w\" sizes=\"auto, (max-width: 212px) 100vw, 212px\" \/><\/a>\n\t\t\t<\/dt><\/dl><dl class='gallery-item'>\n\t\t\t<dt class='gallery-icon portrait'>\n\t\t\t\t<a href='https:\/\/radeksauer.com\/?attachment_id=1822'><img loading=\"lazy\" decoding=\"async\" width=\"212\" height=\"300\" src=\"https:\/\/radeksauer.com\/wp-content\/uploads\/2019\/01\/REG\u00c1L-212x300.jpg\" class=\"attachment-medium size-medium\" alt=\"\" srcset=\"https:\/\/radeksauer.com\/wp-content\/uploads\/2019\/01\/REG\u00c1L-212x300.jpg 212w, https:\/\/radeksauer.com\/wp-content\/uploads\/2019\/01\/REG\u00c1L-768x1086.jpg 768w, https:\/\/radeksauer.com\/wp-content\/uploads\/2019\/01\/REG\u00c1L-724x1024.jpg 724w, https:\/\/radeksauer.com\/wp-content\/uploads\/2019\/01\/REG\u00c1L-620x877.jpg 620w\" sizes=\"auto, (max-width: 212px) 100vw, 212px\" \/><\/a>\n\t\t\t<\/dt><\/dl><dl class='gallery-item'>\n\t\t\t<dt class='gallery-icon landscape'>\n\t\t\t\t<a href='https:\/\/radeksauer.com\/?attachment_id=1823'><img loading=\"lazy\" decoding=\"async\" width=\"300\" height=\"198\" src=\"https:\/\/radeksauer.com\/wp-content\/uploads\/2019\/01\/ST\u011aNA-ODKL\u00c1D\u00c1N\u00cd-SIDE-02-300x198.jpg\" class=\"attachment-medium size-medium\" alt=\"\" srcset=\"https:\/\/radeksauer.com\/wp-content\/uploads\/2019\/01\/ST\u011aNA-ODKL\u00c1D\u00c1N\u00cd-SIDE-02-300x198.jpg 300w, https:\/\/radeksauer.com\/wp-content\/uploads\/2019\/01\/ST\u011aNA-ODKL\u00c1D\u00c1N\u00cd-SIDE-02-768x506.jpg 768w, https:\/\/radeksauer.com\/wp-content\/uploads\/2019\/01\/ST\u011aNA-ODKL\u00c1D\u00c1N\u00cd-SIDE-02-1024x675.jpg 1024w, https:\/\/radeksauer.com\/wp-content\/uploads\/2019\/01\/ST\u011aNA-ODKL\u00c1D\u00c1N\u00cd-SIDE-02-620x409.jpg 620w\" sizes=\"auto, (max-width: 300px) 100vw, 300px\" \/><\/a>\n\t\t\t<\/dt><\/dl><br style=\"clear: both\" \/><dl class='gallery-item'>\n\t\t\t<dt class='gallery-icon landscape'>\n\t\t\t\t<a href='https:\/\/radeksauer.com\/?attachment_id=1824'><img loading=\"lazy\" decoding=\"async\" width=\"300\" height=\"180\" src=\"https:\/\/radeksauer.com\/wp-content\/uploads\/2019\/01\/ST\u011aNA-ODKL\u00c1D\u00c1N\u00cd-SIDE-03-300x180.jpg\" class=\"attachment-medium size-medium\" alt=\"\" srcset=\"https:\/\/radeksauer.com\/wp-content\/uploads\/2019\/01\/ST\u011aNA-ODKL\u00c1D\u00c1N\u00cd-SIDE-03-300x180.jpg 300w, https:\/\/radeksauer.com\/wp-content\/uploads\/2019\/01\/ST\u011aNA-ODKL\u00c1D\u00c1N\u00cd-SIDE-03-768x461.jpg 768w, https:\/\/radeksauer.com\/wp-content\/uploads\/2019\/01\/ST\u011aNA-ODKL\u00c1D\u00c1N\u00cd-SIDE-03-1024x615.jpg 1024w, https:\/\/radeksauer.com\/wp-content\/uploads\/2019\/01\/ST\u011aNA-ODKL\u00c1D\u00c1N\u00cd-SIDE-03-620x372.jpg 620w\" sizes=\"auto, (max-width: 300px) 100vw, 300px\" \/><\/a>\n\t\t\t<\/dt><\/dl><dl class='gallery-item'>\n\t\t\t<dt class='gallery-icon landscape'>\n\t\t\t\t<a href='https:\/\/radeksauer.com\/?attachment_id=1825'><img loading=\"lazy\" decoding=\"async\" width=\"300\" height=\"184\" src=\"https:\/\/radeksauer.com\/wp-content\/uploads\/2019\/01\/ST\u011aNA-ODKL\u00c1D\u00c1N\u00cd-SIDE-04-300x184.jpg\" class=\"attachment-medium size-medium\" alt=\"\" srcset=\"https:\/\/radeksauer.com\/wp-content\/uploads\/2019\/01\/ST\u011aNA-ODKL\u00c1D\u00c1N\u00cd-SIDE-04-300x184.jpg 300w, https:\/\/radeksauer.com\/wp-content\/uploads\/2019\/01\/ST\u011aNA-ODKL\u00c1D\u00c1N\u00cd-SIDE-04-768x472.jpg 768w, https:\/\/radeksauer.com\/wp-content\/uploads\/2019\/01\/ST\u011aNA-ODKL\u00c1D\u00c1N\u00cd-SIDE-04-1024x629.jpg 1024w, https:\/\/radeksauer.com\/wp-content\/uploads\/2019\/01\/ST\u011aNA-ODKL\u00c1D\u00c1N\u00cd-SIDE-04-620x381.jpg 620w\" sizes=\"auto, (max-width: 300px) 100vw, 300px\" \/><\/a>\n\t\t\t<\/dt><\/dl><dl class='gallery-item'>\n\t\t\t<dt class='gallery-icon portrait'>\n\t\t\t\t<a href='https:\/\/radeksauer.com\/?attachment_id=1826'><img loading=\"lazy\" decoding=\"async\" width=\"212\" height=\"300\" src=\"https:\/\/radeksauer.com\/wp-content\/uploads\/2019\/01\/ST\u011aNA-ODKL\u00c1D\u00c1N\u00cd-SIDE-05-212x300.jpg\" class=\"attachment-medium size-medium\" alt=\"\" srcset=\"https:\/\/radeksauer.com\/wp-content\/uploads\/2019\/01\/ST\u011aNA-ODKL\u00c1D\u00c1N\u00cd-SIDE-05-212x300.jpg 212w, https:\/\/radeksauer.com\/wp-content\/uploads\/2019\/01\/ST\u011aNA-ODKL\u00c1D\u00c1N\u00cd-SIDE-05-768x1086.jpg 768w, https:\/\/radeksauer.com\/wp-content\/uploads\/2019\/01\/ST\u011aNA-ODKL\u00c1D\u00c1N\u00cd-SIDE-05-724x1024.jpg 724w, https:\/\/radeksauer.com\/wp-content\/uploads\/2019\/01\/ST\u011aNA-ODKL\u00c1D\u00c1N\u00cd-SIDE-05-620x877.jpg 620w\" sizes=\"auto, (max-width: 212px) 100vw, 212px\" \/><\/a>\n\t\t\t<\/dt><\/dl><dl class='gallery-item'>\n\t\t\t<dt class='gallery-icon landscape'>\n\t\t\t\t<a href='https:\/\/radeksauer.com\/?attachment_id=1827'><img loading=\"lazy\" decoding=\"async\" width=\"300\" height=\"212\" src=\"https:\/\/radeksauer.com\/wp-content\/uploads\/2019\/01\/ST\u011aNA-ODKL\u00c1D\u00c1N\u00cd-SIDE-06-300x212.jpg\" class=\"attachment-medium size-medium\" alt=\"\" srcset=\"https:\/\/radeksauer.com\/wp-content\/uploads\/2019\/01\/ST\u011aNA-ODKL\u00c1D\u00c1N\u00cd-SIDE-06-300x212.jpg 300w, https:\/\/radeksauer.com\/wp-content\/uploads\/2019\/01\/ST\u011aNA-ODKL\u00c1D\u00c1N\u00cd-SIDE-06-768x543.jpg 768w, https:\/\/radeksauer.com\/wp-content\/uploads\/2019\/01\/ST\u011aNA-ODKL\u00c1D\u00c1N\u00cd-SIDE-06-1024x724.jpg 1024w, https:\/\/radeksauer.com\/wp-content\/uploads\/2019\/01\/ST\u011aNA-ODKL\u00c1D\u00c1N\u00cd-SIDE-06-620x439.jpg 620w\" sizes=\"auto, (max-width: 300px) 100vw, 300px\" \/><\/a>\n\t\t\t<\/dt><\/dl><br style=\"clear: both\" \/><dl class='gallery-item'>\n\t\t\t<dt class='gallery-icon landscape'>\n\t\t\t\t<a href='https:\/\/radeksauer.com\/?attachment_id=1828'><img loading=\"lazy\" decoding=\"async\" width=\"300\" height=\"212\" src=\"https:\/\/radeksauer.com\/wp-content\/uploads\/2019\/01\/ST\u011aNA-ODKL\u00c1D\u00c1N\u00cd-SIDE-07-300x212.jpg\" class=\"attachment-medium size-medium\" alt=\"\" srcset=\"https:\/\/radeksauer.com\/wp-content\/uploads\/2019\/01\/ST\u011aNA-ODKL\u00c1D\u00c1N\u00cd-SIDE-07-300x212.jpg 300w, https:\/\/radeksauer.com\/wp-content\/uploads\/2019\/01\/ST\u011aNA-ODKL\u00c1D\u00c1N\u00cd-SIDE-07-768x543.jpg 768w, https:\/\/radeksauer.com\/wp-content\/uploads\/2019\/01\/ST\u011aNA-ODKL\u00c1D\u00c1N\u00cd-SIDE-07-1024x724.jpg 1024w, https:\/\/radeksauer.com\/wp-content\/uploads\/2019\/01\/ST\u011aNA-ODKL\u00c1D\u00c1N\u00cd-SIDE-07-620x439.jpg 620w\" sizes=\"auto, (max-width: 300px) 100vw, 300px\" \/><\/a>\n\t\t\t<\/dt><\/dl><dl class='gallery-item'>\n\t\t\t<dt class='gallery-icon portrait'>\n\t\t\t\t<a href='https:\/\/radeksauer.com\/?attachment_id=1829'><img loading=\"lazy\" decoding=\"async\" width=\"212\" height=\"300\" src=\"https:\/\/radeksauer.com\/wp-content\/uploads\/2019\/01\/ST\u011aNA-ODKL\u00c1D\u00c1N\u00cd-FRONTAL-01-212x300.jpg\" class=\"attachment-medium size-medium\" alt=\"\" srcset=\"https:\/\/radeksauer.com\/wp-content\/uploads\/2019\/01\/ST\u011aNA-ODKL\u00c1D\u00c1N\u00cd-FRONTAL-01-212x300.jpg 212w, https:\/\/radeksauer.com\/wp-content\/uploads\/2019\/01\/ST\u011aNA-ODKL\u00c1D\u00c1N\u00cd-FRONTAL-01-768x1086.jpg 768w, https:\/\/radeksauer.com\/wp-content\/uploads\/2019\/01\/ST\u011aNA-ODKL\u00c1D\u00c1N\u00cd-FRONTAL-01-724x1024.jpg 724w, https:\/\/radeksauer.com\/wp-content\/uploads\/2019\/01\/ST\u011aNA-ODKL\u00c1D\u00c1N\u00cd-FRONTAL-01-620x877.jpg 620w\" sizes=\"auto, (max-width: 212px) 100vw, 212px\" \/><\/a>\n\t\t\t<\/dt><\/dl><dl class='gallery-item'>\n\t\t\t<dt class='gallery-icon portrait'>\n\t\t\t\t<a href='https:\/\/radeksauer.com\/?attachment_id=1830'><img loading=\"lazy\" decoding=\"async\" width=\"212\" height=\"300\" src=\"https:\/\/radeksauer.com\/wp-content\/uploads\/2019\/01\/ST\u011aNA-ODKL\u00c1D\u00c1N\u00cd-FRONTAL-02-212x300.jpg\" class=\"attachment-medium size-medium\" alt=\"\" srcset=\"https:\/\/radeksauer.com\/wp-content\/uploads\/2019\/01\/ST\u011aNA-ODKL\u00c1D\u00c1N\u00cd-FRONTAL-02-212x300.jpg 212w, https:\/\/radeksauer.com\/wp-content\/uploads\/2019\/01\/ST\u011aNA-ODKL\u00c1D\u00c1N\u00cd-FRONTAL-02-768x1086.jpg 768w, https:\/\/radeksauer.com\/wp-content\/uploads\/2019\/01\/ST\u011aNA-ODKL\u00c1D\u00c1N\u00cd-FRONTAL-02-724x1024.jpg 724w, https:\/\/radeksauer.com\/wp-content\/uploads\/2019\/01\/ST\u011aNA-ODKL\u00c1D\u00c1N\u00cd-FRONTAL-02-620x877.jpg 620w\" sizes=\"auto, (max-width: 212px) 100vw, 212px\" \/><\/a>\n\t\t\t<\/dt><\/dl><dl class='gallery-item'>\n\t\t\t<dt class='gallery-icon portrait'>\n\t\t\t\t<a href='https:\/\/radeksauer.com\/?attachment_id=1831'><img loading=\"lazy\" decoding=\"async\" width=\"212\" height=\"300\" src=\"https:\/\/radeksauer.com\/wp-content\/uploads\/2019\/01\/ST\u011aNA-ODKL\u00c1D\u00c1N\u00cd-FRONTAL-03-212x300.jpg\" class=\"attachment-medium size-medium\" alt=\"\" srcset=\"https:\/\/radeksauer.com\/wp-content\/uploads\/2019\/01\/ST\u011aNA-ODKL\u00c1D\u00c1N\u00cd-FRONTAL-03-212x300.jpg 212w, https:\/\/radeksauer.com\/wp-content\/uploads\/2019\/01\/ST\u011aNA-ODKL\u00c1D\u00c1N\u00cd-FRONTAL-03-768x1086.jpg 768w, https:\/\/radeksauer.com\/wp-content\/uploads\/2019\/01\/ST\u011aNA-ODKL\u00c1D\u00c1N\u00cd-FRONTAL-03-724x1024.jpg 724w, https:\/\/radeksauer.com\/wp-content\/uploads\/2019\/01\/ST\u011aNA-ODKL\u00c1D\u00c1N\u00cd-FRONTAL-03-620x877.jpg 620w\" sizes=\"auto, (max-width: 212px) 100vw, 212px\" \/><\/a>\n\t\t\t<\/dt><\/dl><br style=\"clear: both\" \/>\n\t\t<\/div>\n\n","protected":false},"excerpt":{"rendered":"","protected":false},"author":1,"featured_media":0,"parent":0,"menu_order":0,"comment_status":"closed","ping_status":"closed","template":"","meta":{"footnotes":""},"class_list":["post-1632","page","type-page","status-publish","hentry"],"_links":{"self":[{"href":"https:\/\/radeksauer.com\/index.php?rest_route=\/wp\/v2\/pages\/1632","targetHints":{"allow":["GET"]}}],"collection":[{"href":"https:\/\/radeksauer.com\/index.php?rest_route=\/wp\/v2\/pages"}],"about":[{"href":"https:\/\/radeksauer.com\/index.php?rest_route=\/wp\/v2\/types\/page"}],"author":[{"embeddable":true,"href":"https:\/\/radeksauer.com\/index.php?rest_route=\/wp\/v2\/users\/1"}],"replies":[{"embeddable":true,"href":"https:\/\/radeksauer.com\/index.php?rest_route=%2Fwp%2Fv2%2Fcomments&post=1632"}],"version-history":[{"count":3,"href":"https:\/\/radeksauer.com\/index.php?rest_route=\/wp\/v2\/pages\/1632\/revisions"}],"predecessor-version":[{"id":1832,"href":"https:\/\/radeksauer.com\/index.php?rest_route=\/wp\/v2\/pages\/1632\/revisions\/1832"}],"wp:attachment":[{"href":"https:\/\/radeksauer.com\/index.php?rest_route=%2Fwp%2Fv2%2Fmedia&parent=1632"}],"curies":[{"name":"wp","href":"https:\/\/api.w.org\/{rel}","templated":true}]}}