{"id":1192,"date":"2015-07-22T20:37:49","date_gmt":"2015-07-22T20:37:49","guid":{"rendered":"http:\/\/radeksauer.com\/?page_id=1192"},"modified":"2015-08-08T15:55:41","modified_gmt":"2015-08-08T15:55:41","slug":"navrh-barevne-reseni-fasady-vsup-zlin","status":"publish","type":"page","link":"https:\/\/radeksauer.com\/?page_id=1192&lang=cs","title":{"rendered":"N\u00e1vrh_barevn\u00e9 \u0159e\u0161en\u00ed fas\u00e1dy V\u0160UP, Zl\u00edn"},"content":{"rendered":"<div id='gallery-1' class='gallery galleryid-1192 gallery-columns-2 gallery-size-thumbnail'><dl class='gallery-item'>\n\t\t\t<dt class='gallery-icon landscape'>\n\t\t\t\t<a href='https:\/\/radeksauer.com\/?attachment_id=1193'><img loading=\"lazy\" decoding=\"async\" width=\"150\" height=\"150\" src=\"https:\/\/radeksauer.com\/wp-content\/uploads\/2015\/07\/fasade01-150x150.jpg\" class=\"attachment-thumbnail size-thumbnail\" alt=\"\" \/><\/a>\n\t\t\t<\/dt><\/dl><dl class='gallery-item'>\n\t\t\t<dt class='gallery-icon landscape'>\n\t\t\t\t<a href='https:\/\/radeksauer.com\/?attachment_id=1194'><img loading=\"lazy\" decoding=\"async\" width=\"150\" height=\"150\" src=\"https:\/\/radeksauer.com\/wp-content\/uploads\/2015\/07\/fasade02-150x150.jpg\" class=\"attachment-thumbnail size-thumbnail\" alt=\"\" \/><\/a>\n\t\t\t<\/dt><\/dl><br style=\"clear: both\" \/>\n\t\t<\/div>\n\n","protected":false},"excerpt":{"rendered":"","protected":false},"author":1,"featured_media":0,"parent":0,"menu_order":0,"comment_status":"open","ping_status":"open","template":"template-full-width.php","meta":{"footnotes":""},"class_list":["post-1192","page","type-page","status-publish","hentry"],"_links":{"self":[{"href":"https:\/\/radeksauer.com\/index.php?rest_route=\/wp\/v2\/pages\/1192","targetHints":{"allow":["GET"]}}],"collection":[{"href":"https:\/\/radeksauer.com\/index.php?rest_route=\/wp\/v2\/pages"}],"about":[{"href":"https:\/\/radeksauer.com\/index.php?rest_route=\/wp\/v2\/types\/page"}],"author":[{"embeddable":true,"href":"https:\/\/radeksauer.com\/index.php?rest_route=\/wp\/v2\/users\/1"}],"replies":[{"embeddable":true,"href":"https:\/\/radeksauer.com\/index.php?rest_route=%2Fwp%2Fv2%2Fcomments&post=1192"}],"version-history":[{"count":3,"href":"https:\/\/radeksauer.com\/index.php?rest_route=\/wp\/v2\/pages\/1192\/revisions"}],"predecessor-version":[{"id":1198,"href":"https:\/\/radeksauer.com\/index.php?rest_route=\/wp\/v2\/pages\/1192\/revisions\/1198"}],"wp:attachment":[{"href":"https:\/\/radeksauer.com\/index.php?rest_route=%2Fwp%2Fv2%2Fmedia&parent=1192"}],"curies":[{"name":"wp","href":"https:\/\/api.w.org\/{rel}","templated":true}]}}