{"id":1145,"date":"2015-07-22T19:46:10","date_gmt":"2015-07-22T19:46:10","guid":{"rendered":"http:\/\/radeksauer.com\/?page_id=1145"},"modified":"2023-05-23T15:21:40","modified_gmt":"2023-05-23T15:21:40","slug":"projekty","status":"publish","type":"page","link":"https:\/\/radeksauer.com\/?page_id=1145&lang=cs","title":{"rendered":"Projekty"},"content":{"rendered":"\n<div class=\"wp-block-group\"><div class=\"wp-block-group__inner-container is-layout-constrained wp-block-group-is-layout-constrained\">\n<div class=\"wp-block-group\"><div class=\"wp-block-group__inner-container is-layout-constrained wp-block-group-is-layout-constrained\">\n<figure class=\"wp-block-gallery has-nested-images columns-2 is-cropped wp-block-gallery-1 is-layout-flex wp-block-gallery-is-layout-flex\">\n<figure class=\"wp-block-image size-large\"><a href=\"http:\/\/radeksauer.com\/wp-content\/uploads\/2019\/01\/ST\u011aNA-ODKL\u00c1D\u00c1N\u00cd-SIDE-06.jpg\"><img loading=\"lazy\" decoding=\"async\" width=\"1024\" height=\"724\" data-id=\"1827\" src=\"http:\/\/radeksauer.com\/wp-content\/uploads\/2019\/01\/ST\u011aNA-ODKL\u00c1D\u00c1N\u00cd-SIDE-06-1024x724.jpg\" alt=\"\" class=\"wp-image-1827\" srcset=\"https:\/\/radeksauer.com\/wp-content\/uploads\/2019\/01\/ST\u011aNA-ODKL\u00c1D\u00c1N\u00cd-SIDE-06-1024x724.jpg 1024w, https:\/\/radeksauer.com\/wp-content\/uploads\/2019\/01\/ST\u011aNA-ODKL\u00c1D\u00c1N\u00cd-SIDE-06-300x212.jpg 300w, https:\/\/radeksauer.com\/wp-content\/uploads\/2019\/01\/ST\u011aNA-ODKL\u00c1D\u00c1N\u00cd-SIDE-06-768x543.jpg 768w, https:\/\/radeksauer.com\/wp-content\/uploads\/2019\/01\/ST\u011aNA-ODKL\u00c1D\u00c1N\u00cd-SIDE-06-620x439.jpg 620w\" sizes=\"auto, (max-width: 1024px) 100vw, 1024px\" \/><\/a><\/figure>\n\n\n\n<figure class=\"wp-block-image size-large\"><a href=\"http:\/\/radeksauer.com\/wp-content\/uploads\/2015\/07\/023.jpg\"><img loading=\"lazy\" decoding=\"async\" width=\"1024\" height=\"741\" data-id=\"1147\" src=\"http:\/\/radeksauer.com\/wp-content\/uploads\/2015\/07\/023-1024x741.jpg\" alt=\"\" class=\"wp-image-1147\" srcset=\"https:\/\/radeksauer.com\/wp-content\/uploads\/2015\/07\/023-1024x741.jpg 1024w, https:\/\/radeksauer.com\/wp-content\/uploads\/2015\/07\/023-300x217.jpg 300w, https:\/\/radeksauer.com\/wp-content\/uploads\/2015\/07\/023-620x449.jpg 620w\" sizes=\"auto, (max-width: 1024px) 100vw, 1024px\" \/><\/a><\/figure>\n\n\n\n<figure class=\"wp-block-image size-large\"><a href=\"http:\/\/radeksauer.com\/wp-content\/uploads\/2023\/05\/28.jpg\"><img loading=\"lazy\" decoding=\"async\" width=\"1024\" height=\"683\" data-id=\"2402\" src=\"http:\/\/radeksauer.com\/wp-content\/uploads\/2023\/05\/28-1024x683.jpg\" alt=\"\" class=\"wp-image-2402\" srcset=\"https:\/\/radeksauer.com\/wp-content\/uploads\/2023\/05\/28-1024x683.jpg 1024w, https:\/\/radeksauer.com\/wp-content\/uploads\/2023\/05\/28-300x200.jpg 300w, https:\/\/radeksauer.com\/wp-content\/uploads\/2023\/05\/28-768x512.jpg 768w, https:\/\/radeksauer.com\/wp-content\/uploads\/2023\/05\/28-1536x1024.jpg 1536w, https:\/\/radeksauer.com\/wp-content\/uploads\/2023\/05\/28-620x413.jpg 620w, https:\/\/radeksauer.com\/wp-content\/uploads\/2023\/05\/28.jpg 2048w\" sizes=\"auto, (max-width: 1024px) 100vw, 1024px\" \/><\/a><\/figure>\n\n\n\n<figure class=\"wp-block-image size-large\"><a href=\"http:\/\/radeksauer.com\/wp-content\/uploads\/2015\/07\/013.jpg\"><img loading=\"lazy\" decoding=\"async\" width=\"1024\" height=\"741\" data-id=\"1146\" src=\"http:\/\/radeksauer.com\/wp-content\/uploads\/2015\/07\/013-1024x741.jpg\" alt=\"\" class=\"wp-image-1146\" srcset=\"https:\/\/radeksauer.com\/wp-content\/uploads\/2015\/07\/013-1024x741.jpg 1024w, https:\/\/radeksauer.com\/wp-content\/uploads\/2015\/07\/013-300x217.jpg 300w, https:\/\/radeksauer.com\/wp-content\/uploads\/2015\/07\/013-620x449.jpg 620w\" sizes=\"auto, (max-width: 1024px) 100vw, 1024px\" \/><\/a><\/figure>\n\n\n\n<figure class=\"wp-block-image size-large\"><a href=\"http:\/\/radeksauer.com\/wp-content\/uploads\/2015\/07\/033.jpg\"><img loading=\"lazy\" decoding=\"async\" width=\"1024\" height=\"741\" data-id=\"1148\" src=\"http:\/\/radeksauer.com\/wp-content\/uploads\/2015\/07\/033-1024x741.jpg\" alt=\"\" class=\"wp-image-1148\" srcset=\"https:\/\/radeksauer.com\/wp-content\/uploads\/2015\/07\/033-1024x741.jpg 1024w, https:\/\/radeksauer.com\/wp-content\/uploads\/2015\/07\/033-300x217.jpg 300w, https:\/\/radeksauer.com\/wp-content\/uploads\/2015\/07\/033-620x449.jpg 620w\" sizes=\"auto, (max-width: 1024px) 100vw, 1024px\" \/><\/a><\/figure>\n\n\n\n<figure class=\"wp-block-image size-large\"><a href=\"http:\/\/radeksauer.com\/wp-content\/uploads\/2015\/07\/042.jpg\"><img loading=\"lazy\" decoding=\"async\" width=\"1024\" height=\"741\" data-id=\"1149\" src=\"http:\/\/radeksauer.com\/wp-content\/uploads\/2015\/07\/042-1024x741.jpg\" alt=\"\" class=\"wp-image-1149\" srcset=\"https:\/\/radeksauer.com\/wp-content\/uploads\/2015\/07\/042-1024x741.jpg 1024w, https:\/\/radeksauer.com\/wp-content\/uploads\/2015\/07\/042-300x217.jpg 300w, https:\/\/radeksauer.com\/wp-content\/uploads\/2015\/07\/042-620x449.jpg 620w\" sizes=\"auto, (max-width: 1024px) 100vw, 1024px\" \/><\/a><\/figure>\n\n\n\n<figure class=\"wp-block-image size-large\"><a href=\"http:\/\/radeksauer.com\/wp-content\/uploads\/2015\/07\/08.jpg\"><img loading=\"lazy\" decoding=\"async\" width=\"1024\" height=\"741\" data-id=\"1153\" src=\"http:\/\/radeksauer.com\/wp-content\/uploads\/2015\/07\/08-1024x741.jpg\" alt=\"\" class=\"wp-image-1153\" srcset=\"https:\/\/radeksauer.com\/wp-content\/uploads\/2015\/07\/08-1024x741.jpg 1024w, https:\/\/radeksauer.com\/wp-content\/uploads\/2015\/07\/08-300x217.jpg 300w, https:\/\/radeksauer.com\/wp-content\/uploads\/2015\/07\/08-620x449.jpg 620w\" sizes=\"auto, (max-width: 1024px) 100vw, 1024px\" \/><\/a><\/figure>\n\n\n\n<figure class=\"wp-block-image size-large\"><a href=\"http:\/\/radeksauer.com\/wp-content\/uploads\/2015\/07\/062.jpg\"><img loading=\"lazy\" decoding=\"async\" width=\"1024\" height=\"741\" data-id=\"1151\" src=\"http:\/\/radeksauer.com\/wp-content\/uploads\/2015\/07\/062-1024x741.jpg\" alt=\"\" class=\"wp-image-1151\" srcset=\"https:\/\/radeksauer.com\/wp-content\/uploads\/2015\/07\/062-1024x741.jpg 1024w, https:\/\/radeksauer.com\/wp-content\/uploads\/2015\/07\/062-300x217.jpg 300w, https:\/\/radeksauer.com\/wp-content\/uploads\/2015\/07\/062-620x449.jpg 620w\" sizes=\"auto, (max-width: 1024px) 100vw, 1024px\" \/><\/a><\/figure>\n\n\n\n<figure class=\"wp-block-image size-large\"><a href=\"http:\/\/radeksauer.com\/wp-content\/uploads\/2015\/07\/07.jpg\"><img loading=\"lazy\" decoding=\"async\" width=\"1024\" height=\"741\" data-id=\"1152\" src=\"http:\/\/radeksauer.com\/wp-content\/uploads\/2015\/07\/07-1024x741.jpg\" alt=\"\" class=\"wp-image-1152\" srcset=\"https:\/\/radeksauer.com\/wp-content\/uploads\/2015\/07\/07-1024x741.jpg 1024w, https:\/\/radeksauer.com\/wp-content\/uploads\/2015\/07\/07-300x217.jpg 300w, https:\/\/radeksauer.com\/wp-content\/uploads\/2015\/07\/07-620x449.jpg 620w\" sizes=\"auto, (max-width: 1024px) 100vw, 1024px\" \/><\/a><\/figure>\n\n\n\n<figure class=\"wp-block-image size-large\"><a href=\"http:\/\/radeksauer.com\/wp-content\/uploads\/2015\/07\/052.jpg\"><img loading=\"lazy\" decoding=\"async\" width=\"1024\" height=\"741\" data-id=\"1150\" src=\"http:\/\/radeksauer.com\/wp-content\/uploads\/2015\/07\/052-1024x741.jpg\" alt=\"\" class=\"wp-image-1150\" srcset=\"https:\/\/radeksauer.com\/wp-content\/uploads\/2015\/07\/052-1024x741.jpg 1024w, https:\/\/radeksauer.com\/wp-content\/uploads\/2015\/07\/052-300x217.jpg 300w, https:\/\/radeksauer.com\/wp-content\/uploads\/2015\/07\/052-620x449.jpg 620w\" sizes=\"auto, (max-width: 1024px) 100vw, 1024px\" \/><\/a><\/figure>\n<\/figure>\n<\/div><\/div>\n<\/div><\/div>\n\n\n\n<p><\/p>\n\n\n\n<p><\/p>\n","protected":false},"excerpt":{"rendered":"","protected":false},"author":1,"featured_media":0,"parent":0,"menu_order":3,"comment_status":"open","ping_status":"open","template":"template-full-width.php","meta":{"footnotes":""},"class_list":["post-1145","page","type-page","status-publish","hentry"],"_links":{"self":[{"href":"https:\/\/radeksauer.com\/index.php?rest_route=\/wp\/v2\/pages\/1145","targetHints":{"allow":["GET"]}}],"collection":[{"href":"https:\/\/radeksauer.com\/index.php?rest_route=\/wp\/v2\/pages"}],"about":[{"href":"https:\/\/radeksauer.com\/index.php?rest_route=\/wp\/v2\/types\/page"}],"author":[{"embeddable":true,"href":"https:\/\/radeksauer.com\/index.php?rest_route=\/wp\/v2\/users\/1"}],"replies":[{"embeddable":true,"href":"https:\/\/radeksauer.com\/index.php?rest_route=%2Fwp%2Fv2%2Fcomments&post=1145"}],"version-history":[{"count":15,"href":"https:\/\/radeksauer.com\/index.php?rest_route=\/wp\/v2\/pages\/1145\/revisions"}],"predecessor-version":[{"id":2413,"href":"https:\/\/radeksauer.com\/index.php?rest_route=\/wp\/v2\/pages\/1145\/revisions\/2413"}],"wp:attachment":[{"href":"https:\/\/radeksauer.com\/index.php?rest_route=%2Fwp%2Fv2%2Fmedia&parent=1145"}],"curies":[{"name":"wp","href":"https:\/\/api.w.org\/{rel}","templated":true}]}}