{"id":1128,"date":"2015-07-22T19:27:08","date_gmt":"2015-07-22T19:27:08","guid":{"rendered":"http:\/\/radeksauer.com\/?page_id=1128"},"modified":"2015-07-22T19:27:08","modified_gmt":"2015-07-22T19:27:08","slug":"pribeh-obrazu","status":"publish","type":"page","link":"https:\/\/radeksauer.com\/?page_id=1128&lang=cs","title":{"rendered":"P\u0159\u00edb\u011bh obrazu"},"content":{"rendered":"<div id='gallery-1' class='gallery galleryid-1128 gallery-columns-3 gallery-size-thumbnail'><dl class='gallery-item'>\n\t\t\t<dt class='gallery-icon portrait'>\n\t\t\t\t<a href='https:\/\/radeksauer.com\/?attachment_id=1129'><img loading=\"lazy\" decoding=\"async\" width=\"150\" height=\"150\" src=\"https:\/\/radeksauer.com\/wp-content\/uploads\/2015\/07\/p01-kopie-150x150.jpg\" class=\"attachment-thumbnail size-thumbnail\" alt=\"\" \/><\/a>\n\t\t\t<\/dt><\/dl><dl class='gallery-item'>\n\t\t\t<dt class='gallery-icon portrait'>\n\t\t\t\t<a href='https:\/\/radeksauer.com\/?attachment_id=1130'><img loading=\"lazy\" decoding=\"async\" width=\"150\" height=\"150\" src=\"https:\/\/radeksauer.com\/wp-content\/uploads\/2015\/07\/p02-150x150.jpg\" class=\"attachment-thumbnail size-thumbnail\" alt=\"\" \/><\/a>\n\t\t\t<\/dt><\/dl><dl class='gallery-item'>\n\t\t\t<dt class='gallery-icon portrait'>\n\t\t\t\t<a href='https:\/\/radeksauer.com\/?attachment_id=1131'><img loading=\"lazy\" decoding=\"async\" width=\"150\" height=\"150\" src=\"https:\/\/radeksauer.com\/wp-content\/uploads\/2015\/07\/p03-150x150.jpg\" class=\"attachment-thumbnail size-thumbnail\" alt=\"\" \/><\/a>\n\t\t\t<\/dt><\/dl><br style=\"clear: both\" \/><dl class='gallery-item'>\n\t\t\t<dt class='gallery-icon portrait'>\n\t\t\t\t<a href='https:\/\/radeksauer.com\/?attachment_id=1132'><img loading=\"lazy\" decoding=\"async\" width=\"150\" height=\"150\" src=\"https:\/\/radeksauer.com\/wp-content\/uploads\/2015\/07\/p04-150x150.jpg\" class=\"attachment-thumbnail size-thumbnail\" alt=\"\" \/><\/a>\n\t\t\t<\/dt><\/dl><dl class='gallery-item'>\n\t\t\t<dt class='gallery-icon portrait'>\n\t\t\t\t<a href='https:\/\/radeksauer.com\/?attachment_id=1133'><img loading=\"lazy\" decoding=\"async\" width=\"150\" height=\"150\" src=\"https:\/\/radeksauer.com\/wp-content\/uploads\/2015\/07\/p05-kopie-150x150.jpg\" class=\"attachment-thumbnail size-thumbnail\" alt=\"\" \/><\/a>\n\t\t\t<\/dt><\/dl><dl class='gallery-item'>\n\t\t\t<dt class='gallery-icon portrait'>\n\t\t\t\t<a href='https:\/\/radeksauer.com\/?attachment_id=1134'><img loading=\"lazy\" decoding=\"async\" width=\"150\" height=\"150\" src=\"https:\/\/radeksauer.com\/wp-content\/uploads\/2015\/07\/p06-150x150.jpg\" class=\"attachment-thumbnail size-thumbnail\" alt=\"\" \/><\/a>\n\t\t\t<\/dt><\/dl><br style=\"clear: both\" \/>\n\t\t<\/div>\n\n","protected":false},"excerpt":{"rendered":"","protected":false},"author":1,"featured_media":0,"parent":0,"menu_order":0,"comment_status":"open","ping_status":"open","template":"template-full-width.php","meta":{"footnotes":""},"class_list":["post-1128","page","type-page","status-publish","hentry"],"_links":{"self":[{"href":"https:\/\/radeksauer.com\/index.php?rest_route=\/wp\/v2\/pages\/1128","targetHints":{"allow":["GET"]}}],"collection":[{"href":"https:\/\/radeksauer.com\/index.php?rest_route=\/wp\/v2\/pages"}],"about":[{"href":"https:\/\/radeksauer.com\/index.php?rest_route=\/wp\/v2\/types\/page"}],"author":[{"embeddable":true,"href":"https:\/\/radeksauer.com\/index.php?rest_route=\/wp\/v2\/users\/1"}],"replies":[{"embeddable":true,"href":"https:\/\/radeksauer.com\/index.php?rest_route=%2Fwp%2Fv2%2Fcomments&post=1128"}],"version-history":[{"count":1,"href":"https:\/\/radeksauer.com\/index.php?rest_route=\/wp\/v2\/pages\/1128\/revisions"}],"predecessor-version":[{"id":1136,"href":"https:\/\/radeksauer.com\/index.php?rest_route=\/wp\/v2\/pages\/1128\/revisions\/1136"}],"wp:attachment":[{"href":"https:\/\/radeksauer.com\/index.php?rest_route=%2Fwp%2Fv2%2Fmedia&parent=1128"}],"curies":[{"name":"wp","href":"https:\/\/api.w.org\/{rel}","templated":true}]}}