{"id":1058,"date":"2015-07-22T18:22:50","date_gmt":"2015-07-22T18:22:50","guid":{"rendered":"http:\/\/radeksauer.com\/?page_id=1058"},"modified":"2023-05-03T15:56:19","modified_gmt":"2023-05-03T15:56:19","slug":"12_komor","status":"publish","type":"page","link":"https:\/\/radeksauer.com\/?page_id=1058&lang=cs","title":{"rendered":"odkl\u00e1d\u00e1n\u00ed x obrazy"},"content":{"rendered":"\n<figure class=\"wp-block-gallery has-nested-images columns-3 is-cropped wp-block-gallery-1 is-layout-flex wp-block-gallery-is-layout-flex\">\n<figure class=\"wp-block-image size-large\"><a href=\"http:\/\/radeksauer.com\/wp-content\/uploads\/2023\/05\/ODKLADAC-NATURE07-scaled.jpg\"><img loading=\"lazy\" decoding=\"async\" width=\"1024\" height=\"768\" data-id=\"2186\" src=\"http:\/\/radeksauer.com\/wp-content\/uploads\/2023\/05\/ODKLADAC-NATURE07-1024x768.jpg\" alt=\"\" class=\"wp-image-2186\" srcset=\"https:\/\/radeksauer.com\/wp-content\/uploads\/2023\/05\/ODKLADAC-NATURE07-1024x768.jpg 1024w, https:\/\/radeksauer.com\/wp-content\/uploads\/2023\/05\/ODKLADAC-NATURE07-300x225.jpg 300w, https:\/\/radeksauer.com\/wp-content\/uploads\/2023\/05\/ODKLADAC-NATURE07-768x576.jpg 768w, https:\/\/radeksauer.com\/wp-content\/uploads\/2023\/05\/ODKLADAC-NATURE07-1536x1152.jpg 1536w, https:\/\/radeksauer.com\/wp-content\/uploads\/2023\/05\/ODKLADAC-NATURE07-2048x1536.jpg 2048w, https:\/\/radeksauer.com\/wp-content\/uploads\/2023\/05\/ODKLADAC-NATURE07-620x465.jpg 620w\" sizes=\"auto, (max-width: 1024px) 100vw, 1024px\" \/><\/a><\/figure>\n\n\n\n<figure class=\"wp-block-image size-large\"><a href=\"http:\/\/radeksauer.com\/wp-content\/uploads\/2023\/05\/ODKLADAC-NATURE04-scaled.jpg\"><img loading=\"lazy\" decoding=\"async\" width=\"1024\" height=\"768\" data-id=\"2185\" src=\"http:\/\/radeksauer.com\/wp-content\/uploads\/2023\/05\/ODKLADAC-NATURE04-1024x768.jpg\" alt=\"\" class=\"wp-image-2185\" srcset=\"https:\/\/radeksauer.com\/wp-content\/uploads\/2023\/05\/ODKLADAC-NATURE04-1024x768.jpg 1024w, https:\/\/radeksauer.com\/wp-content\/uploads\/2023\/05\/ODKLADAC-NATURE04-300x225.jpg 300w, https:\/\/radeksauer.com\/wp-content\/uploads\/2023\/05\/ODKLADAC-NATURE04-768x576.jpg 768w, https:\/\/radeksauer.com\/wp-content\/uploads\/2023\/05\/ODKLADAC-NATURE04-1536x1152.jpg 1536w, https:\/\/radeksauer.com\/wp-content\/uploads\/2023\/05\/ODKLADAC-NATURE04-2048x1536.jpg 2048w, https:\/\/radeksauer.com\/wp-content\/uploads\/2023\/05\/ODKLADAC-NATURE04-620x465.jpg 620w\" sizes=\"auto, (max-width: 1024px) 100vw, 1024px\" \/><\/a><\/figure>\n\n\n\n<figure class=\"wp-block-image size-large\"><a href=\"http:\/\/radeksauer.com\/wp-content\/uploads\/2023\/05\/ODKLADAC-NATURE02-scaled.jpg\"><img loading=\"lazy\" decoding=\"async\" width=\"1024\" height=\"768\" data-id=\"2184\" src=\"http:\/\/radeksauer.com\/wp-content\/uploads\/2023\/05\/ODKLADAC-NATURE02-1024x768.jpg\" alt=\"\" class=\"wp-image-2184\" srcset=\"https:\/\/radeksauer.com\/wp-content\/uploads\/2023\/05\/ODKLADAC-NATURE02-1024x768.jpg 1024w, https:\/\/radeksauer.com\/wp-content\/uploads\/2023\/05\/ODKLADAC-NATURE02-300x225.jpg 300w, https:\/\/radeksauer.com\/wp-content\/uploads\/2023\/05\/ODKLADAC-NATURE02-768x576.jpg 768w, https:\/\/radeksauer.com\/wp-content\/uploads\/2023\/05\/ODKLADAC-NATURE02-1536x1152.jpg 1536w, https:\/\/radeksauer.com\/wp-content\/uploads\/2023\/05\/ODKLADAC-NATURE02-2048x1536.jpg 2048w, https:\/\/radeksauer.com\/wp-content\/uploads\/2023\/05\/ODKLADAC-NATURE02-620x465.jpg 620w\" sizes=\"auto, (max-width: 1024px) 100vw, 1024px\" \/><\/a><\/figure>\n\n\n\n<figure class=\"wp-block-image size-large\"><a href=\"http:\/\/radeksauer.com\/wp-content\/uploads\/2015\/07\/SauerMix02-booklet2.jpg\"><img loading=\"lazy\" decoding=\"async\" width=\"1024\" height=\"741\" data-id=\"1422\" src=\"http:\/\/radeksauer.com\/wp-content\/uploads\/2015\/07\/SauerMix02-booklet2-1024x741.jpg\" alt=\"\" class=\"wp-image-1422\" srcset=\"https:\/\/radeksauer.com\/wp-content\/uploads\/2015\/07\/SauerMix02-booklet2-1024x741.jpg 1024w, https:\/\/radeksauer.com\/wp-content\/uploads\/2015\/07\/SauerMix02-booklet2-300x217.jpg 300w, https:\/\/radeksauer.com\/wp-content\/uploads\/2015\/07\/SauerMix02-booklet2-620x449.jpg 620w\" sizes=\"auto, (max-width: 1024px) 100vw, 1024px\" \/><\/a><\/figure>\n\n\n\n<figure class=\"wp-block-image size-large\"><a href=\"http:\/\/radeksauer.com\/wp-content\/uploads\/2015\/07\/SauerMix-booklet.jpg\"><img loading=\"lazy\" decoding=\"async\" width=\"1024\" height=\"741\" data-id=\"1064\" src=\"http:\/\/radeksauer.com\/wp-content\/uploads\/2015\/07\/SauerMix-booklet-1024x741.jpg\" alt=\"\" class=\"wp-image-1064\" srcset=\"https:\/\/radeksauer.com\/wp-content\/uploads\/2015\/07\/SauerMix-booklet-1024x741.jpg 1024w, https:\/\/radeksauer.com\/wp-content\/uploads\/2015\/07\/SauerMix-booklet-300x217.jpg 300w, https:\/\/radeksauer.com\/wp-content\/uploads\/2015\/07\/SauerMix-booklet-620x449.jpg 620w\" sizes=\"auto, (max-width: 1024px) 100vw, 1024px\" \/><\/a><\/figure>\n\n\n\n<figure class=\"wp-block-image size-large\"><a href=\"http:\/\/radeksauer.com\/wp-content\/uploads\/2015\/07\/SauerMix01-booklet.jpg\"><img loading=\"lazy\" decoding=\"async\" width=\"1024\" height=\"741\" data-id=\"1062\" src=\"http:\/\/radeksauer.com\/wp-content\/uploads\/2015\/07\/SauerMix01-booklet-1024x741.jpg\" alt=\"\" class=\"wp-image-1062\" srcset=\"https:\/\/radeksauer.com\/wp-content\/uploads\/2015\/07\/SauerMix01-booklet-1024x741.jpg 1024w, https:\/\/radeksauer.com\/wp-content\/uploads\/2015\/07\/SauerMix01-booklet-300x217.jpg 300w, https:\/\/radeksauer.com\/wp-content\/uploads\/2015\/07\/SauerMix01-booklet-620x449.jpg 620w\" sizes=\"auto, (max-width: 1024px) 100vw, 1024px\" \/><\/a><\/figure>\n\n\n\n<figure class=\"wp-block-image size-large\"><a href=\"http:\/\/radeksauer.com\/wp-content\/uploads\/2015\/07\/Musikkammern01-wei\u00df.jpg\"><img loading=\"lazy\" decoding=\"async\" width=\"1024\" height=\"741\" data-id=\"1059\" src=\"http:\/\/radeksauer.com\/wp-content\/uploads\/2015\/07\/Musikkammern01-wei\u00df-1024x741.jpg\" alt=\"\" class=\"wp-image-1059\" srcset=\"https:\/\/radeksauer.com\/wp-content\/uploads\/2015\/07\/Musikkammern01-wei\u00df-1024x741.jpg 1024w, https:\/\/radeksauer.com\/wp-content\/uploads\/2015\/07\/Musikkammern01-wei\u00df-300x217.jpg 300w, https:\/\/radeksauer.com\/wp-content\/uploads\/2015\/07\/Musikkammern01-wei\u00df-620x449.jpg 620w\" sizes=\"auto, (max-width: 1024px) 100vw, 1024px\" \/><\/a><\/figure>\n\n\n\n<figure class=\"wp-block-image size-large\"><a href=\"http:\/\/radeksauer.com\/wp-content\/uploads\/2015\/07\/Musikkammern03-wei\u00df.jpg\"><img loading=\"lazy\" decoding=\"async\" width=\"1024\" height=\"741\" data-id=\"1061\" src=\"http:\/\/radeksauer.com\/wp-content\/uploads\/2015\/07\/Musikkammern03-wei\u00df-1024x741.jpg\" alt=\"\" class=\"wp-image-1061\" srcset=\"https:\/\/radeksauer.com\/wp-content\/uploads\/2015\/07\/Musikkammern03-wei\u00df-1024x741.jpg 1024w, https:\/\/radeksauer.com\/wp-content\/uploads\/2015\/07\/Musikkammern03-wei\u00df-300x217.jpg 300w, https:\/\/radeksauer.com\/wp-content\/uploads\/2015\/07\/Musikkammern03-wei\u00df-620x449.jpg 620w\" sizes=\"auto, (max-width: 1024px) 100vw, 1024px\" \/><\/a><\/figure>\n\n\n\n<figure class=\"wp-block-image size-large\"><a href=\"http:\/\/radeksauer.com\/wp-content\/uploads\/2015\/07\/Musikkammern02-wei\u00df.jpg\"><img loading=\"lazy\" decoding=\"async\" width=\"1024\" height=\"741\" data-id=\"1060\" src=\"http:\/\/radeksauer.com\/wp-content\/uploads\/2015\/07\/Musikkammern02-wei\u00df-1024x741.jpg\" alt=\"\" class=\"wp-image-1060\" srcset=\"https:\/\/radeksauer.com\/wp-content\/uploads\/2015\/07\/Musikkammern02-wei\u00df-1024x741.jpg 1024w, https:\/\/radeksauer.com\/wp-content\/uploads\/2015\/07\/Musikkammern02-wei\u00df-300x217.jpg 300w, https:\/\/radeksauer.com\/wp-content\/uploads\/2015\/07\/Musikkammern02-wei\u00df-620x449.jpg 620w\" sizes=\"auto, (max-width: 1024px) 100vw, 1024px\" \/><\/a><\/figure>\n<\/figure>\n","protected":false},"excerpt":{"rendered":"","protected":false},"author":1,"featured_media":0,"parent":0,"menu_order":0,"comment_status":"open","ping_status":"open","template":"template-full-width.php","meta":{"footnotes":""},"class_list":["post-1058","page","type-page","status-publish","hentry"],"_links":{"self":[{"href":"https:\/\/radeksauer.com\/index.php?rest_route=\/wp\/v2\/pages\/1058","targetHints":{"allow":["GET"]}}],"collection":[{"href":"https:\/\/radeksauer.com\/index.php?rest_route=\/wp\/v2\/pages"}],"about":[{"href":"https:\/\/radeksauer.com\/index.php?rest_route=\/wp\/v2\/types\/page"}],"author":[{"embeddable":true,"href":"https:\/\/radeksauer.com\/index.php?rest_route=\/wp\/v2\/users\/1"}],"replies":[{"embeddable":true,"href":"https:\/\/radeksauer.com\/index.php?rest_route=%2Fwp%2Fv2%2Fcomments&post=1058"}],"version-history":[{"count":6,"href":"https:\/\/radeksauer.com\/index.php?rest_route=\/wp\/v2\/pages\/1058\/revisions"}],"predecessor-version":[{"id":2204,"href":"https:\/\/radeksauer.com\/index.php?rest_route=\/wp\/v2\/pages\/1058\/revisions\/2204"}],"wp:attachment":[{"href":"https:\/\/radeksauer.com\/index.php?rest_route=%2Fwp%2Fv2%2Fmedia&parent=1058"}],"curies":[{"name":"wp","href":"https:\/\/api.w.org\/{rel}","templated":true}]}}